{"id":74,"date":"2022-12-19T14:38:08","date_gmt":"2022-12-19T14:38:08","guid":{"rendered":"https:\/\/lebensart-handanalytik.ch\/?page_id=74"},"modified":"2026-03-29T16:24:49","modified_gmt":"2026-03-29T16:24:49","slug":"ueber-mich","status":"publish","type":"page","link":"https:\/\/lebensart-handanalytik.ch\/?page_id=74","title":{"rendered":"\u00dcber mich"},"content":{"rendered":"<p>[et_pb_section fb_built=&#8220;1&#8243; _builder_version=&#8220;4.19.4&#8243; _module_preset=&#8220;default&#8220; global_colors_info=&#8220;{}&#8220;][et_pb_row _builder_version=&#8220;4.19.4&#8243; _module_preset=&#8220;default&#8220; global_colors_info=&#8220;{}&#8220;][et_pb_column type=&#8220;4_4&#8243; _builder_version=&#8220;4.19.4&#8243; _module_preset=&#8220;default&#8220; global_colors_info=&#8220;{}&#8220;][et_pb_slider _builder_version=&#8220;4.20.2&#8243; _module_preset=&#8220;default&#8220; global_colors_info=&#8220;{}&#8220;][et_pb_slide heading=&#8220;\u00dcber mich&#8220; heading_tablet=&#8220;\u00dcber mich&#8220; heading_phone=&#8220;\u00dcber mich&#8220; heading_last_edited=&#8220;on|desktop&#8220; _builder_version=&#8220;4.20.2&#8243; _module_preset=&#8220;default&#8220; header_level=&#8220;h1&#8243; header_font_size=&#8220;100px&#8220; background_image=&#8220;https:\/\/lebensart-handanalytik.ch\/wp-content\/uploads\/2023\/03\/shutterstock_1495611749-scaled.jpg&#8220; background_enable_image=&#8220;on&#8220; global_colors_info=&#8220;{}&#8220; sticky_transition=&#8220;on&#8220;]<\/p>\n<p>\u2026 aus meiner Passion wuchs die Vision,<br \/>andere zu unterstu\u0308tzen, ihre Antworten und ihren individuellen Weg zu finden!<\/p>\n<p>[\/et_pb_slide][\/et_pb_slider][et_pb_text _builder_version=&#8220;4.20.2&#8243; _module_preset=&#8220;default&#8220; header_font_size=&#8220;100px&#8220; header_font_size_tablet=&#8220;100px&#8220; header_font_size_phone=&#8220;75px&#8220; header_font_size_last_edited=&#8220;on|phone&#8220; global_colors_info=&#8220;{}&#8220;]<\/p>\n<h1 style=\"text-align: center;\">Anke Meier-Thiem<\/h1>\n<p style=\"text-align: center;\">Mit 15 entdeckte ich die Abenteurerin in mir und startete meine Reise durch die Welt und in andere Kulturen mit einem Fahrrad ohne Gangschaltung und improvisierten Gep\u00e4cktaschen. Als Ingenieurin und Produktentwicklerin fand ich dann meinen Einstieg ins Berufsleben. W\u00e4hrend der Reise als Ehefrau und vierfache Mutter sammelte ich einen Rucksack voll Lebenserfahrung, ging selbst aber irgendwie \u00abverloren\u00bb\u2026 Es stellten sich essentielle Fragen, die mir keine Formelsammlung beantworten konnte \u2026 bis ich der Handanalyse begegnete.<\/p>\n<p>[\/et_pb_text][et_pb_divider _builder_version=&#8220;4.19.4&#8243; _module_preset=&#8220;default&#8220; global_colors_info=&#8220;{}&#8220;][\/et_pb_divider][et_pb_text _builder_version=&#8220;4.20.0&#8243; _module_preset=&#8220;default&#8220; text_font=&#8220;Allison||||||||&#8220; text_font_size=&#8220;40px&#8220; text_line_height=&#8220;1em&#8220; header_4_font_size=&#8220;60px&#8220; global_colors_info=&#8220;{}&#8220;]<\/p>\n<h4 style=\"text-align: center;\">\u00abDas Leben zu verstehen hei\u00dft, uns selbst zu verstehen &#8230;\u00bb<br \/>Jiddu Krishnamurti<\/h4>\n<p>[\/et_pb_text][\/et_pb_column][\/et_pb_row][et_pb_row column_structure=&#8220;1_2,1_2&#8243; _builder_version=&#8220;4.19.4&#8243; _module_preset=&#8220;default&#8220; global_colors_info=&#8220;{}&#8220;][et_pb_column type=&#8220;1_2&#8243; _builder_version=&#8220;4.19.4&#8243; _module_preset=&#8220;default&#8220; global_colors_info=&#8220;{}&#8220;][et_pb_text _builder_version=&#8220;4.27.4&#8243; _module_preset=&#8220;default&#8220; global_colors_info=&#8220;{}&#8220;]<\/p>\n<p>Da war dieser \u00abAHA-Effekt\u00bb, der mich aufru\u0308ttelte und so einiges wieder in den Fluss brachte. Ich fand schlu\u0308ssige Antworten, die mir Klarheit gaben und mich zuru\u0308ck auf meinen Kurs orientierten.<\/p>\n<p>Dieses Erlebnis, verbunden mit der Faszination wie all das aus den H\u00e4nden entschlu\u0308sselt werden kann, zog mich magisch an, diese Handlesekunst selbst zu erlernen. Das mit anderen Menschen zu teilen, was ich selbst empfangen durfte, ist mir eine Herzensangelegenheit.<\/p>\n<p>Eine treue Wegbegleiterin war stets die Frage nach dem WIE &#8211; wie kann man die Erfahrungen seiner Geschichte sanft und wirkungsvoll verarbeiten. Und auch hier kam eine initiale Antwort in Form des Buches &#8222;\u00dcber den K\u00f6rper die Seele heilen&#8220; von Gerda Boyesen, welches mich zur Biodynamischen K\u00f6rperpsychotherapie f\u00fchrte. Die Auseinandersetzung mit dem komplexen Zusammenspiel von K\u00f6rper, Psyche und Seele und das Erlernen heilungsf\u00f6rdernder Methoden begleitet mich seither auf meinem weiteren Weg&#8230;\u00a0 \u00a0 \u00a0 \u00a0 \u00a0 \u00a0 \u00a0 \u00a0 \u00a0 \u00a0 \u00a0 \u00a0 \u00a0<\/p>\n<p>Mich interessieren Menschen mit ihrer Lebensgeschichte. Ich liebe tiefgru\u0308ndige Gespr\u00e4che und aufrichtige Kontakte ebenso wie ehrliche Gefu\u0308hle und leidenschaftliches Handeln. Mich beru\u0308hren lebendige Momente und stimmungsvolle Atmosph\u00e4ren\u2026 und manchmal mag ich auch verru\u0308ckte Dinge. Das Leben in all seinen Facetten und Wandlungen anzunehmen, ist fu\u0308r mich ein spannendes und immer wieder neues Abenteuer.<\/p>\n<p>[\/et_pb_text][et_pb_text _builder_version=&#8220;4.20.2&#8243; _module_preset=&#8220;default&#8220; text_font=&#8220;Allison||||||||&#8220; text_font_size=&#8220;40px&#8220; text_line_height=&#8220;1em&#8220; header_4_font_size=&#8220;60px&#8220; global_colors_info=&#8220;{}&#8220;]<\/p>\n<h3>Interessiert<\/h3>\n<h4>&#8230;bin ich an deinen H\u00e4nden und empfange dich mit offenem Herzen!<\/h4>\n<p>[\/et_pb_text][\/et_pb_column][et_pb_column type=&#8220;1_2&#8243; _builder_version=&#8220;4.19.4&#8243; _module_preset=&#8220;default&#8220; global_colors_info=&#8220;{}&#8220;][et_pb_image src=&#8220;https:\/\/lebensart-handanalytik.ch\/wp-content\/uploads\/2023\/03\/anke_meier-4689-scaled.jpg&#8220; title_text=&#8220;anke_meier-4689&#8243; _builder_version=&#8220;4.20.0&#8243; _module_preset=&#8220;default&#8220; global_colors_info=&#8220;{}&#8220;][\/et_pb_image][\/et_pb_column][\/et_pb_row][et_pb_row _builder_version=&#8220;4.19.4&#8243; _module_preset=&#8220;default&#8220; global_colors_info=&#8220;{}&#8220;][et_pb_column type=&#8220;4_4&#8243; _builder_version=&#8220;4.19.4&#8243; _module_preset=&#8220;default&#8220; global_colors_info=&#8220;{}&#8220;][et_pb_divider _builder_version=&#8220;4.27.4&#8243; _module_preset=&#8220;default&#8220; hover_enabled=&#8220;0&#8243; global_colors_info=&#8220;{}&#8220; sticky_enabled=&#8220;0&#8243;][\/et_pb_divider][et_pb_text _builder_version=&#8220;4.27.4&#8243; _module_preset=&#8220;default&#8220; text_font=&#8220;Allison||||||||&#8220; text_font_size=&#8220;40px&#8220; text_line_height=&#8220;1em&#8220; header_4_font_size=&#8220;60px&#8220; hover_enabled=&#8220;0&#8243; global_colors_info=&#8220;{}&#8220; sticky_enabled=&#8220;0&#8243;]<\/p>\n<p style=\"text-align: center;\">\u00b0\u00b0\u00b0<\/p>\n<p>[\/et_pb_text][\/et_pb_column][\/et_pb_row][et_pb_row column_structure=&#8220;1_2,1_2&#8243; _builder_version=&#8220;4.27.4&#8243; _module_preset=&#8220;default&#8220; global_colors_info=&#8220;{}&#8220;][et_pb_column type=&#8220;1_2&#8243; _builder_version=&#8220;4.27.4&#8243; _module_preset=&#8220;default&#8220; global_colors_info=&#8220;{}&#8220;][et_pb_image src=&#8220;https:\/\/lebensart-handanalytik.ch\/wp-content\/uploads\/2026\/03\/logo-lebensraum-RZ-scaled-1.png&#8220; title_text=&#8220;logo-lebensraum-RZ-scaled&#8220; url=&#8220;https:\/\/lebensraum-k\u00f6rpertherapie.ch\/&#8220; url_new_window=&#8220;on&#8220; _builder_version=&#8220;4.27.4&#8243; _module_preset=&#8220;default&#8220; width_tablet=&#8220;&#8220; width_phone=&#8220;&#8220; width_last_edited=&#8220;on|phone&#8220; hover_enabled=&#8220;0&#8243; global_colors_info=&#8220;{}&#8220; width=&#8220;59%&#8220; align=&#8220;center&#8220; sticky_enabled=&#8220;0&#8243;][\/et_pb_image][\/et_pb_column][et_pb_column type=&#8220;1_2&#8243; _builder_version=&#8220;4.27.4&#8243; _module_preset=&#8220;default&#8220; global_colors_info=&#8220;{}&#8220;][et_pb_text _builder_version=&#8220;4.27.4&#8243; _module_preset=&#8220;default&#8220; link_text_color=&#8220;#359997&#8243; hover_enabled=&#8220;0&#8243; global_colors_info=&#8220;{}&#8220; sticky_enabled=&#8220;0&#8243; link_font=&#8220;||||on||||&#8220;]<\/p>\n<p style=\"text-align: left;\"><strong>Lebensraum<\/strong><br \/><strong>Praxis f\u00fcr K\u00f6rpertherapie<\/strong><\/p>\n<p style=\"text-align: left;\">Du willst dich lebendig f\u00fchlen statt funktionieren? Freier atmen. Freier f\u00fchlen. Freier sein. Nicht nur Symptome lindern, sondern ihren Ursprung erkennen.<\/p>\n<p data-start=\"695\" data-end=\"788\" style=\"text-align: left;\">Hier geht es nicht um kurzfristige Erleichterung \u2013 sondern darum, an die Quelle zu gehen.<\/p>\n<p style=\"text-align: left;\">Dein K\u00f6rper kennt den Weg.<\/p>\n<p style=\"text-align: left;\">Erkunde auch mein Angebot zur K\u00f6rpertherapie unter:<br \/><a href=\"https:\/\/lebensraum-k\u00f6rpertherapie.ch\/\" target=\"_blank\" rel=\"noopener\">lebensraum-k\u00f6rpertherapie.ch<\/a><\/p>\n<p>[\/et_pb_text][\/et_pb_column][\/et_pb_row][\/et_pb_section]<\/p>\n","protected":false},"excerpt":{"rendered":"<p>\u2026 aus meiner Passion wuchs die Vision,andere zu unterstu\u0308tzen, ihre Antworten und ihren individuellen Weg zu finden!Anke Meier-Thiem Mit 15 entdeckte ich die Abenteurerin in mir und startete meine Reise durch die Welt und in andere Kulturen mit einem Fahrrad ohne Gangschaltung und improvisierten Gep\u00e4cktaschen. Als Ingenieurin und Produktentwicklerin fand ich dann meinen Einstieg ins [&hellip;]<\/p>\n","protected":false},"author":1,"featured_media":0,"parent":0,"menu_order":0,"comment_status":"closed","ping_status":"closed","template":"","meta":{"_et_pb_use_builder":"on","_et_pb_old_content":"<!-- wp:divi\/placeholder \/-->","_et_gb_content_width":"","footnotes":""},"class_list":["post-74","page","type-page","status-publish","hentry"],"_links":{"self":[{"href":"https:\/\/lebensart-handanalytik.ch\/index.php?rest_route=\/wp\/v2\/pages\/74","targetHints":{"allow":["GET"]}}],"collection":[{"href":"https:\/\/lebensart-handanalytik.ch\/index.php?rest_route=\/wp\/v2\/pages"}],"about":[{"href":"https:\/\/lebensart-handanalytik.ch\/index.php?rest_route=\/wp\/v2\/types\/page"}],"author":[{"embeddable":true,"href":"https:\/\/lebensart-handanalytik.ch\/index.php?rest_route=\/wp\/v2\/users\/1"}],"replies":[{"embeddable":true,"href":"https:\/\/lebensart-handanalytik.ch\/index.php?rest_route=%2Fwp%2Fv2%2Fcomments&post=74"}],"version-history":[{"count":20,"href":"https:\/\/lebensart-handanalytik.ch\/index.php?rest_route=\/wp\/v2\/pages\/74\/revisions"}],"predecessor-version":[{"id":1091,"href":"https:\/\/lebensart-handanalytik.ch\/index.php?rest_route=\/wp\/v2\/pages\/74\/revisions\/1091"}],"wp:attachment":[{"href":"https:\/\/lebensart-handanalytik.ch\/index.php?rest_route=%2Fwp%2Fv2%2Fmedia&parent=74"}],"curies":[{"name":"wp","href":"https:\/\/api.w.org\/{rel}","templated":true}]}}