{"id":70,"date":"2022-12-19T14:37:35","date_gmt":"2022-12-19T14:37:35","guid":{"rendered":"https:\/\/lebensart-handanalytik.ch\/?page_id=70"},"modified":"2025-09-30T10:24:05","modified_gmt":"2025-09-30T10:24:05","slug":"angebot","status":"publish","type":"page","link":"https:\/\/lebensart-handanalytik.ch\/?page_id=70","title":{"rendered":"Angebot"},"content":{"rendered":"<p>[et_pb_section fb_built=&#8220;1&#8243; admin_label=&#8220;section&#8220; _builder_version=&#8220;4.16&#8243; custom_margin=&#8220;||-87px|||&#8220; custom_padding=&#8220;14px|||||&#8220; global_colors_info=&#8220;{}&#8220;][et_pb_row _builder_version=&#8220;4.27.4&#8243; _module_preset=&#8220;default&#8220; global_colors_info=&#8220;{}&#8220;][et_pb_column type=&#8220;4_4&#8243; _builder_version=&#8220;4.27.4&#8243; _module_preset=&#8220;default&#8220; global_colors_info=&#8220;{}&#8220;][et_pb_text _builder_version=&#8220;4.27.4&#8243; _module_preset=&#8220;default&#8220; text_font_size=&#8220;45px&#8220; header_font_size=&#8220;120px&#8220; text_orientation=&#8220;center&#8220; custom_margin=&#8220;||1px|||&#8220; global_colors_info=&#8220;{}&#8220;]<\/p>\n<h1>Angebot<\/h1>\n<p>[\/et_pb_text][\/et_pb_column][\/et_pb_row][et_pb_row _builder_version=&#8220;4.27.4&#8243; _module_preset=&#8220;default&#8220; min_height=&#8220;55px&#8220; global_colors_info=&#8220;{}&#8220;][et_pb_column type=&#8220;4_4&#8243; _builder_version=&#8220;4.27.4&#8243; _module_preset=&#8220;default&#8220; global_colors_info=&#8220;{}&#8220;][et_pb_image src=&#8220;https:\/\/lebensart-handanalytik.ch\/wp-content\/uploads\/2023\/03\/anke_meier-4542-scaled.jpg&#8220; title_text=&#8220;anke_meier-4542&#8243; _builder_version=&#8220;4.27.4&#8243; _module_preset=&#8220;default&#8220; global_colors_info=&#8220;{}&#8220;][\/et_pb_image][\/et_pb_column][\/et_pb_row][\/et_pb_section][et_pb_section fb_built=&#8220;1&#8243; _builder_version=&#8220;4.27.4&#8243; _module_preset=&#8220;default&#8220; global_colors_info=&#8220;{}&#8220;][et_pb_row column_structure=&#8220;1_2,1_2&#8243; _builder_version=&#8220;4.27.4&#8243; _module_preset=&#8220;default&#8220; custom_padding=&#8220;88px|||||&#8220; global_colors_info=&#8220;{}&#8220;][et_pb_column type=&#8220;1_2&#8243; _builder_version=&#8220;4.27.4&#8243; _module_preset=&#8220;default&#8220; global_colors_info=&#8220;{}&#8220;][et_pb_pricing_tables featured_table_text_color=&#8220;#7CDA24&#8243; _builder_version=&#8220;4.27.4&#8243; _module_preset=&#8220;default&#8220; price_text_color=&#8220;#5FEBFF&#8220; hover_enabled=&#8220;0&#8243; global_colors_info=&#8220;{}&#8220; border_radii=&#8220;off|20px|||&#8220; sticky_enabled=&#8220;0&#8243;][et_pb_pricing_table title=&#8220;Handanalyse&#8220; subtitle=&#8220;90 min&#8220; currency=&#8220;CHF&#8220; sum=&#8220;190,-&#8220; _builder_version=&#8220;4.27.4&#8243; _module_preset=&#8220;default&#8220; global_colors_info=&#8220;{}&#8220; sticky_transition=&#8220;on&#8220;]<\/p>\n<p>In dieser Analyse erh\u00e4ltst du eine Beratungzu deiner Pers\u00f6nlichkeit sowie die Handabdr\u00fccke mit einer kurzen Zusammenfassung der besprochenen Themen.<\/p>\n<p>[\/et_pb_pricing_table][\/et_pb_pricing_tables][\/et_pb_column][et_pb_column type=&#8220;1_2&#8243; _builder_version=&#8220;4.27.4&#8243; _module_preset=&#8220;default&#8220; global_colors_info=&#8220;{}&#8220;][et_pb_pricing_tables _builder_version=&#8220;4.27.4&#8243; _module_preset=&#8220;default&#8220; price_text_color=&#8220;#5FEBFF&#8220; hover_enabled=&#8220;0&#8243; global_colors_info=&#8220;{}&#8220; border_radii=&#8220;off||20px||&#8220; sticky_enabled=&#8220;0&#8243;][et_pb_pricing_table title=&#8220;Kurz-Handanalyse&#8220; subtitle=&#8220;10-15 min&#8220; currency=&#8220;CHF&#8220; sum=&#8220;30,-&#8220; _builder_version=&#8220;4.27.4&#8243; _module_preset=&#8220;default&#8220; global_colors_info=&#8220;{}&#8220; sticky_transition=&#8220;on&#8220;]<\/p>\n<p>Eine Kurz-Analyse eignet sich zumKennenlernen der Thematik. Die Lesungerfolgt ohne Handabdruck und beleuchtet einen Teilaspekt der Pers\u00f6nlichkeit.<\/p>\n<p>[\/et_pb_pricing_table][\/et_pb_pricing_tables][\/et_pb_column][\/et_pb_row][et_pb_row _builder_version=&#8220;4.27.4&#8243; _module_preset=&#8220;default&#8220; global_colors_info=&#8220;{}&#8220;][et_pb_column type=&#8220;4_4&#8243; _builder_version=&#8220;4.27.4&#8243; _module_preset=&#8220;default&#8220; global_colors_info=&#8220;{}&#8220;][et_pb_text _builder_version=&#8220;4.27.4&#8243; _module_preset=&#8220;default&#8220; text_font_size=&#8220;100px&#8220; header_4_font_size=&#8220;80px&#8220; global_colors_info=&#8220;{}&#8220;]<\/p>\n<h4 style=\"text-align: center;\">Kreiere das Leben in <span style=\"text-decoration: underline;\">deinen<\/span> Farben.<\/h4>\n<p>[\/et_pb_text][\/et_pb_column][\/et_pb_row][\/et_pb_section]<\/p>\n","protected":false},"excerpt":{"rendered":"<p>AngebotIn dieser Analyse erh\u00e4ltst du eine Beratungzu deiner Pers\u00f6nlichkeit sowie die Handabdr\u00fccke mit einer kurzen Zusammenfassung der besprochenen Themen.Eine Kurz-Analyse eignet sich zumKennenlernen der Thematik. Die Lesungerfolgt ohne Handabdruck und beleuchtet einen Teilaspekt der Pers\u00f6nlichkeit.Kreiere das Leben in deinen Farben.<\/p>\n","protected":false},"author":1,"featured_media":0,"parent":0,"menu_order":0,"comment_status":"closed","ping_status":"closed","template":"","meta":{"_et_pb_use_builder":"on","_et_pb_old_content":"","_et_gb_content_width":"","footnotes":""},"class_list":["post-70","page","type-page","status-publish","hentry"],"_links":{"self":[{"href":"https:\/\/lebensart-handanalytik.ch\/index.php?rest_route=\/wp\/v2\/pages\/70","targetHints":{"allow":["GET"]}}],"collection":[{"href":"https:\/\/lebensart-handanalytik.ch\/index.php?rest_route=\/wp\/v2\/pages"}],"about":[{"href":"https:\/\/lebensart-handanalytik.ch\/index.php?rest_route=\/wp\/v2\/types\/page"}],"author":[{"embeddable":true,"href":"https:\/\/lebensart-handanalytik.ch\/index.php?rest_route=\/wp\/v2\/users\/1"}],"replies":[{"embeddable":true,"href":"https:\/\/lebensart-handanalytik.ch\/index.php?rest_route=%2Fwp%2Fv2%2Fcomments&post=70"}],"version-history":[{"count":48,"href":"https:\/\/lebensart-handanalytik.ch\/index.php?rest_route=\/wp\/v2\/pages\/70\/revisions"}],"predecessor-version":[{"id":937,"href":"https:\/\/lebensart-handanalytik.ch\/index.php?rest_route=\/wp\/v2\/pages\/70\/revisions\/937"}],"wp:attachment":[{"href":"https:\/\/lebensart-handanalytik.ch\/index.php?rest_route=%2Fwp%2Fv2%2Fmedia&parent=70"}],"curies":[{"name":"wp","href":"https:\/\/api.w.org\/{rel}","templated":true}]}}