{"id":68,"date":"2022-12-19T14:37:06","date_gmt":"2022-12-19T14:37:06","guid":{"rendered":"https:\/\/lebensart-handanalytik.ch\/?page_id=68"},"modified":"2026-03-11T09:51:37","modified_gmt":"2026-03-11T09:51:37","slug":"handanalytische-beratung","status":"publish","type":"page","link":"https:\/\/lebensart-handanalytik.ch\/?page_id=68","title":{"rendered":"Handanalytische Beratung"},"content":{"rendered":"<p>[et_pb_section fb_built=&#8220;1&#8243; _builder_version=&#8220;4.20.2&#8243; _module_preset=&#8220;default&#8220; global_colors_info=&#8220;{}&#8220;][et_pb_row _builder_version=&#8220;4.20.2&#8243; _module_preset=&#8220;default&#8220; global_colors_info=&#8220;{}&#8220;][et_pb_column type=&#8220;4_4&#8243; _builder_version=&#8220;4.20.2&#8243; _module_preset=&#8220;default&#8220; global_colors_info=&#8220;{}&#8220;][et_pb_text _builder_version=&#8220;4.20.2&#8243; _module_preset=&#8220;default&#8220; header_text_align=&#8220;center&#8220; header_font_size=&#8220;100px&#8220; global_colors_info=&#8220;{}&#8220;]<\/p>\n<h1>Handanalytische Beratung<\/h1>\n<p>[\/et_pb_text][\/et_pb_column][\/et_pb_row][et_pb_row column_structure=&#8220;1_2,1_2&#8243; _builder_version=&#8220;4.20.2&#8243; _module_preset=&#8220;default&#8220; global_colors_info=&#8220;{}&#8220;][et_pb_column type=&#8220;1_2&#8243; _builder_version=&#8220;4.20.2&#8243; _module_preset=&#8220;default&#8220; global_colors_info=&#8220;{}&#8220;][et_pb_image src=&#8220;https:\/\/lebensart-handanalytik.ch\/wp-content\/uploads\/2023\/03\/20220225_133845-scaled.jpg&#8220; title_text=&#8220;20220225_133845&#8243; _builder_version=&#8220;4.20.2&#8243; _module_preset=&#8220;default&#8220; global_colors_info=&#8220;{}&#8220;][\/et_pb_image][\/et_pb_column][et_pb_column type=&#8220;1_2&#8243; _builder_version=&#8220;4.20.2&#8243; _module_preset=&#8220;default&#8220; global_colors_info=&#8220;{}&#8220;][et_pb_text _builder_version=&#8220;4.27.4&#8243; _module_preset=&#8220;default&#8220; hover_enabled=&#8220;0&#8243; global_colors_info=&#8220;{}&#8220; link_text_color=&#8220;#95c4b9&#8243; sticky_enabled=&#8220;0&#8243;]<\/p>\n<p><strong>Kernstu\u0308ck meiner Beratung<\/strong> ist es, dir mittels der Botschaft deiner H\u00e4nde, dein Wesen und deinen Lebensplan zu erkl\u00e4ren. Somit gebe ich, als aussenstehende Person, dir eine objektive Sicht auf deine Pers\u00f6nlichkeit.<\/p>\n<p><strong>Ich zeige dir auf <\/strong>wo dein Platz im Leben w\u00e4re &#8211; der \u00abOrt\u00bb wo du tief im Innersten Erfu\u0308llung findest &#8211; und welche Herausforderungen auf diesem Weg zu meistern sind bzw. was dich m\u00f6glicherweise davon abh\u00e4lt, dies auszuleben. In einem offenen Gespr\u00e4ch thematisiere ich was ich in deiner Hand sehe und motiviere dich zur Selbstreflexion. Gern h\u00f6re ich zu wie du das aus deiner Perspektive mit deinen Erfahrungen siehst. So hast du die M\u00f6glichkeit, deine Sichtweise zu adaptieren und erh\u00e4ltst eine Richtung, die individuell fu\u0308r dich stimmig ist.<\/p>\n<p><strong>Wenn dich Themen<\/strong> aussergew\u00f6hnlich besch\u00e4ftigen, tauche ich gern noch tiefer in die Materie ein und unterst\u00fctze dich mit biodynamischer K\u00f6rperarbeit auf dem Heilungsweg.<\/p>\n<p>Besuche auch meine Website zur biodynamischer K\u00f6rperarbeit:<br \/><a href=\"https:\/\/lebensraum-k%C3%B6rpertherapie.ch\" target=\"_blank\" rel=\"noopener\">lebensraum-k\u00f6rpertherapie.ch<\/a><\/p>\n<p>[\/et_pb_text][\/et_pb_column][\/et_pb_row][et_pb_row column_structure=&#8220;1_2,1_2&#8243; _builder_version=&#8220;4.20.2&#8243; _module_preset=&#8220;default&#8220; global_colors_info=&#8220;{}&#8220;][et_pb_column type=&#8220;1_2&#8243; _builder_version=&#8220;4.20.2&#8243; _module_preset=&#8220;default&#8220; global_colors_info=&#8220;{}&#8220;][et_pb_image src=&#8220;https:\/\/lebensart-handanalytik.ch\/wp-content\/uploads\/2023\/03\/anke_meier-4461-scaled.jpg&#8220; title_text=&#8220;anke_meier-4461&#8243; _builder_version=&#8220;4.20.2&#8243; _module_preset=&#8220;default&#8220; global_colors_info=&#8220;{}&#8220;][\/et_pb_image][\/et_pb_column][et_pb_column type=&#8220;1_2&#8243; _builder_version=&#8220;4.20.2&#8243; _module_preset=&#8220;default&#8220; global_colors_info=&#8220;{}&#8220;][et_pb_text _builder_version=&#8220;4.20.2&#8243; _module_preset=&#8220;default&#8220; global_colors_info=&#8220;{}&#8220;]<\/p>\n<p><strong>In manchen Lebenssituationen<\/strong> sucht man vergeblich nach Erleichterung, findet aber keinen greifbaren Ansatz. Ein Feststecken in belastenden Situationen, Sinnsuche, Einsamkeit und Freudlosigkeit lasten oftmals auf der Seele und sehnen sich nach Antworten und Klarheit.<\/p>\n<p>Die Handanalyse zeigt dir M\u00f6glichkeiten, um dein Leben entsprechend deiner Natur zu gestalten und dein Potential auszusch\u00f6pfen. Das \u00abHinschauen\u00bb ist bereits ein Schritt zum achtsameren Umgang mit sich selbst. Zu akzeptieren, was ist und zu ver\u00e4ndern was sein k\u00f6nnte, ist ein JA zu dir Selbst.\u00a0<strong><\/strong><\/p>\n<p>Jedes Leben ist ein pers\u00f6nliches und individuelles Abenteuer mit H\u00f6hen und Tiefen. Die Lebensabsicht zu kennen gibt dir eine Orientierung und unterst\u00fctzt dich, passende Entscheidungen zu treffen. Ein Leben zu f\u00fchren f\u00fcr welches du geboren wurdest, gibt dir <span style=\"background-color: #ffffff; font-size: 14px;\">Sinn und Zufriedenheit.\u00a0<\/span><\/p>\n<p>&nbsp;<\/p>\n<p>[\/et_pb_text][\/et_pb_column][\/et_pb_row][et_pb_row column_structure=&#8220;1_2,1_2&#8243; _builder_version=&#8220;4.20.2&#8243; _module_preset=&#8220;default&#8220; global_colors_info=&#8220;{}&#8220;][et_pb_column type=&#8220;1_2&#8243; _builder_version=&#8220;4.20.2&#8243; _module_preset=&#8220;default&#8220; global_colors_info=&#8220;{}&#8220;][et_pb_image src=&#8220;https:\/\/lebensart-handanalytik.ch\/wp-content\/uploads\/2023\/03\/anke_meier_web-4453-scaled.jpg&#8220; title_text=&#8220;anke_meier_web-4453&#8243; _builder_version=&#8220;4.20.2&#8243; _module_preset=&#8220;default&#8220; global_colors_info=&#8220;{}&#8220;][\/et_pb_image][\/et_pb_column][et_pb_column type=&#8220;1_2&#8243; _builder_version=&#8220;4.20.2&#8243; _module_preset=&#8220;default&#8220; global_colors_info=&#8220;{}&#8220;][et_pb_text _builder_version=&#8220;4.20.2&#8243; _module_preset=&#8220;default&#8220; global_colors_info=&#8220;{}&#8220;]<\/p>\n<p><strong>Jeder kann<\/strong> etwas aus der Beratung mitnehmen. Deine Intension fu\u0308r eine handanalytische Beratung kann unterschiedlicher Natur sein: berufliche Neuorientierung, schwierige Lebensumst\u00e4nde, Neugier an dir selbst und dem Leben oder Interesse an Pers\u00f6nlichkeitsentwicklung.<\/p>\n<p>[\/et_pb_text][\/et_pb_column][\/et_pb_row][et_pb_row column_structure=&#8220;1_2,1_2&#8243; _builder_version=&#8220;4.20.2&#8243; _module_preset=&#8220;default&#8220; min_height=&#8220;655.3px&#8220; global_colors_info=&#8220;{}&#8220;][et_pb_column type=&#8220;1_2&#8243; _builder_version=&#8220;4.20.2&#8243; _module_preset=&#8220;default&#8220; global_colors_info=&#8220;{}&#8220;][et_pb_image src=&#8220;https:\/\/lebensart-handanalytik.ch\/wp-content\/uploads\/2024\/02\/Bild-Frustzapfen-Stacheldraht.png&#8220; title_text=&#8220;Bild Frustzapfen Stacheldraht&#8220; _builder_version=&#8220;4.20.2&#8243; _module_preset=&#8220;default&#8220; global_colors_info=&#8220;{}&#8220;][\/et_pb_image][\/et_pb_column][et_pb_column type=&#8220;1_2&#8243; _builder_version=&#8220;4.20.2&#8243; _module_preset=&#8220;default&#8220; global_colors_info=&#8220;{}&#8220;][et_pb_text _builder_version=&#8220;4.20.2&#8243; _module_preset=&#8220;default&#8220; global_colors_info=&#8220;{}&#8220;]<\/p>\n<p><strong>\u00a0Die H\u00e4nde zeigen Themen<\/strong> und Bereiche, in denen Selbstregulation f\u00fcr dich eine Herausforderung darstellt. Je nachdem wie gut dir das in deiner Entwicklung als Kind m\u00f6glich war kannst du heute als Erwachsener wohlwollend mir dir selbst umgehen oder es stellt sich ein Leidensdruck ein. <span style=\"background-color: #ffffff; font-size: 14px;\">Unser Alltag fordert uns in verschiedener Art und Weise heraus und l\u00e4sst eine <strong>Stressregulierung<\/strong> nur bedingt zu, so dass zu den alten Wunden noch weitere Leidensfaktoren hinzukommen, die unter anderem auch somatische Reaktionen, wie Migr\u00e4ne, R\u00fcckenschmerzen, Nervosit\u00e4t,&#8230; ausl\u00f6sen k\u00f6nnen.\u00a0 <\/span><span style=\"font-size: 14px;\">\u00a0<\/span><\/p>\n<p><span style=\"font-size: 14px;\">Stress-Harmonisierungen und ein Nach-N\u00e4hren k\u00f6nnen hier eine wertvolle Unterst\u00fctzung darstellen. Gerne begleite ich dich auf diesem Weg.<\/span><\/p>\n<p><span style=\"font-size: 14px;\"><\/span><\/p>\n<p>\u00abAlles an dir hat dein Wohlwollen verdient. Fast jedes Verhaltensmuster, das dir heute Schwierigkeiten macht und das du \u00abloswerden\u00bb m\u00f6chtest, war fr\u00fcher einmal eine lebensrettende Strategie.\u00bb\u00a0 \u00a0 \u00a0 \u00a0 \u00a0 \u00a0 \u00a0 \u00a0 \u00a0 \u00a0 \u00a0 \u00a0 \u00a0 \u00a0 \u00a0 \u00a0 \u00a0 \u00a0 \u00a0 \u00a0 \u00a0 \u00a0 \u00a0 \u00a0 \u00a0 \u00a0 \u00a0 \u00a0 \u00a0 \u00a0 \u00a0 \u00a0 \u00a0 \u00a0 \u00a0 \u00a0 \u00a0 \u00a0 \u00a0 \u00a0 \u00a0 \u00a0 \u00a0 \u00a0 \u00a0 \u00a0 \u00a0 \u00a0 \u00a0 \u00a0 \u00a0 \u00a0 \u00a0 \u00a0 \u00a0 \u00a0 \u00a0 \u00a0 \u00a0 \u00a0 \u00a0 \u00a0 \u00a0 \u00a0 \u00a0 \u00a0 \u00a0 \u00a0 \u00a0 \u00a0 \u00a0 \u00a0 \u00a0 \u00a0 \u00a0 \u00a0 \u00a0 \u00a0 \u00a0 \u00a0 \u00a0 \u00a0 \u00a0 \u00a0 \u00a0 \u00a0Verena K\u00f6nig<\/p>\n<p>&nbsp;<\/p>\n<p>[\/et_pb_text][\/et_pb_column][\/et_pb_row][et_pb_row column_structure=&#8220;1_2,1_2&#8243; _builder_version=&#8220;4.20.2&#8243; _module_preset=&#8220;default&#8220; global_colors_info=&#8220;{}&#8220;][et_pb_column type=&#8220;1_2&#8243; _builder_version=&#8220;4.20.2&#8243; _module_preset=&#8220;default&#8220; global_colors_info=&#8220;{}&#8220;][et_pb_image src=&#8220;https:\/\/lebensart-handanalytik.ch\/wp-content\/uploads\/2023\/12\/Beruf.png&#8220; title_text=&#8220;Beruf&#8220; _builder_version=&#8220;4.20.2&#8243; _module_preset=&#8220;default&#8220; min_height=&#8220;460.7px&#8220; custom_padding=&#8220;0px||0px|||&#8220; global_colors_info=&#8220;{}&#8220;][\/et_pb_image][\/et_pb_column][et_pb_column type=&#8220;1_2&#8243; _builder_version=&#8220;4.20.2&#8243; _module_preset=&#8220;default&#8220; global_colors_info=&#8220;{}&#8220;][et_pb_text _builder_version=&#8220;4.20.2&#8243; _module_preset=&#8220;default&#8220; global_colors_info=&#8220;{}&#8220;]<\/p>\n<p><b><\/b><\/p>\n<p><b>Berufseignung\u00a0<\/b><\/p>\n<p>Die H\u00e4nde zeigen starke Pers\u00f6nlichkeitsanteile sowie die Lebensbestimmung. Anhand dessen k\u00f6nnen Berufsempfehlungen gegeben bzw. gemeinsam herausgearbeitet werden.<\/p>\n<p>&nbsp;<\/p>\n<p>[\/et_pb_text][\/et_pb_column][\/et_pb_row][et_pb_row column_structure=&#8220;1_2,1_2&#8243; _builder_version=&#8220;4.20.2&#8243; _module_preset=&#8220;default&#8220; global_colors_info=&#8220;{}&#8220;][et_pb_column type=&#8220;1_2&#8243; _builder_version=&#8220;4.20.2&#8243; _module_preset=&#8220;default&#8220; global_colors_info=&#8220;{}&#8220;][et_pb_image src=&#8220;https:\/\/lebensart-handanalytik.ch\/wp-content\/uploads\/2023\/08\/Apollostern-in-handabdruck-2-pdf.jpg&#8220; title_text=&#8220;Apollostern in handabdruck&#8220; _builder_version=&#8220;4.20.2&#8243; _module_preset=&#8220;default&#8220; global_colors_info=&#8220;{}&#8220;][\/et_pb_image][\/et_pb_column][et_pb_column type=&#8220;1_2&#8243; _builder_version=&#8220;4.20.2&#8243; _module_preset=&#8220;default&#8220; global_colors_info=&#8220;{}&#8220;][et_pb_text _builder_version=&#8220;4.20.2&#8243; _module_preset=&#8220;default&#8220; global_colors_info=&#8220;{}&#8220;]<\/p>\n<p><b>Wusstest du, <\/b>dass es Begabungszeichen gibt? Sie weisen dich auf spezielle F\u00e4higkeiten hin und sind zentral in deinem Leben. Deshalb sollten sie einen entsprechenden Platz erhalten &#8230; sonst k\u00f6nnen sie sich von ihrer Schattenseite zeigen.<\/p>\n<p>Eines von 17 Begabungszeichen ist der Apollo-Stern &#8230;<\/p>\n<p>Es ist ein Ruf, dich deiner aussergew\u00f6hnlichen Kreativit\u00e4t zu widmen! Unterdr\u00fcckst du diese starke innere Kraft, zeigt er sich von seiner Schattenseite. Lustlosigkeit und Energieverlust k\u00f6nnen sich als Folgeerscheinung einstellen.<\/p>\n<p>In welcher Form du dieses immense Potenzial f\u00fcr dein Wohlbefinden nutzen kannst, zeigt dir eine Handanalyse.<\/p>\n<p>Neben Begabungszeichen gibt es auch Weisheitszeichen, Herausforderungszeichen und Anpassungszeichen.<\/p>\n<p><strong>Welche Zeichen hast du in deiner Hand? Hast du einen passenden Rahmen daf\u00fcr gefunden?<\/strong><\/p>\n<p>[\/et_pb_text][\/et_pb_column][\/et_pb_row][et_pb_row _builder_version=&#8220;4.20.2&#8243; _module_preset=&#8220;default&#8220; global_colors_info=&#8220;{}&#8220;][et_pb_column type=&#8220;4_4&#8243; _builder_version=&#8220;4.20.2&#8243; _module_preset=&#8220;default&#8220; global_colors_info=&#8220;{}&#8220;][et_pb_divider _builder_version=&#8220;4.20.2&#8243; _module_preset=&#8220;default&#8220; global_colors_info=&#8220;{}&#8220;][\/et_pb_divider][\/et_pb_column][\/et_pb_row][et_pb_row _builder_version=&#8220;4.20.2&#8243; _module_preset=&#8220;default&#8220; global_colors_info=&#8220;{}&#8220;][et_pb_column type=&#8220;4_4&#8243; _builder_version=&#8220;4.20.2&#8243; _module_preset=&#8220;default&#8220; global_colors_info=&#8220;{}&#8220;][et_pb_slider _builder_version=&#8220;4.20.2&#8243; _module_preset=&#8220;default&#8220; min_height=&#8220;462px&#8220; global_colors_info=&#8220;{}&#8220;][et_pb_slide _builder_version=&#8220;4.20.2&#8243; _module_preset=&#8220;default&#8220; background_image=&#8220;https:\/\/lebensart-handanalytik.ch\/wp-content\/uploads\/2023\/02\/DSC_0636-scaled.jpg&#8220; background_enable_image=&#8220;on&#8220; global_colors_info=&#8220;{}&#8220; sticky_transition=&#8220;on&#8220;][\/et_pb_slide][et_pb_slide _builder_version=&#8220;4.20.2&#8243; _module_preset=&#8220;default&#8220; background_image=&#8220;https:\/\/lebensart-handanalytik.ch\/wp-content\/uploads\/2023\/03\/Ausschnitt-von-anke_meier-4461-fuer-alles-zusammen-ergibt-die-gelebte-und-ungelebte-Geschichte-scaled.jpg&#8220; background_enable_image=&#8220;on&#8220; global_colors_info=&#8220;{}&#8220; sticky_transition=&#8220;on&#8220;][\/et_pb_slide][et_pb_slide _builder_version=&#8220;4.20.2&#8243; _module_preset=&#8220;default&#8220; background_image=&#8220;https:\/\/lebensart-handanalytik.ch\/wp-content\/uploads\/2023\/02\/Pfauenauge.jpg&#8220; background_enable_image=&#8220;on&#8220; global_colors_info=&#8220;{}&#8220; sticky_transition=&#8220;on&#8220;][\/et_pb_slide][\/et_pb_slider][\/et_pb_column][\/et_pb_row][et_pb_row _builder_version=&#8220;4.20.2&#8243; _module_preset=&#8220;default&#8220; global_colors_info=&#8220;{}&#8220;][et_pb_column type=&#8220;4_4&#8243; _builder_version=&#8220;4.20.2&#8243; _module_preset=&#8220;default&#8220; global_colors_info=&#8220;{}&#8220;][et_pb_divider _builder_version=&#8220;4.20.2&#8243; _module_preset=&#8220;default&#8220; global_colors_info=&#8220;{}&#8220;][\/et_pb_divider][et_pb_text _builder_version=&#8220;4.20.2&#8243; _module_preset=&#8220;default&#8220; header_4_text_align=&#8220;center&#8220; header_4_font_size=&#8220;60px&#8220; global_colors_info=&#8220;{}&#8220;]<\/p>\n<h4>\u00abManchmal, wenn man es am wenigsten erwartet, aber vielleicht am meisten braucht, findet man sich an einem Ort wieder, mit Menschen, die man gleichfalls nicht kennt, und erf\u00e4hrt neue Dinge.\u00bb<\/h4>\n<h4>John Strelecky<\/h4>\n<p>[\/et_pb_text][\/et_pb_column][\/et_pb_row][\/et_pb_section]<\/p>\n","protected":false},"excerpt":{"rendered":"<p>Handanalytische BeratungKernstu\u0308ck meiner Beratung ist es, dir mittels der Botschaft deiner H\u00e4nde, dein Wesen und deinen Lebensplan zu erkl\u00e4ren. Somit gebe ich, als aussenstehende Person, dir eine objektive Sicht auf deine Pers\u00f6nlichkeit. Ich zeige dir auf wo dein Platz im Leben w\u00e4re &#8211; der \u00abOrt\u00bb wo du tief im Innersten Erfu\u0308llung findest &#8211; und welche [&hellip;]<\/p>\n","protected":false},"author":1,"featured_media":0,"parent":0,"menu_order":0,"comment_status":"closed","ping_status":"closed","template":"","meta":{"_et_pb_use_builder":"on","_et_pb_old_content":"","_et_gb_content_width":"","footnotes":""},"class_list":["post-68","page","type-page","status-publish","hentry"],"_links":{"self":[{"href":"https:\/\/lebensart-handanalytik.ch\/index.php?rest_route=\/wp\/v2\/pages\/68","targetHints":{"allow":["GET"]}}],"collection":[{"href":"https:\/\/lebensart-handanalytik.ch\/index.php?rest_route=\/wp\/v2\/pages"}],"about":[{"href":"https:\/\/lebensart-handanalytik.ch\/index.php?rest_route=\/wp\/v2\/types\/page"}],"author":[{"embeddable":true,"href":"https:\/\/lebensart-handanalytik.ch\/index.php?rest_route=\/wp\/v2\/users\/1"}],"replies":[{"embeddable":true,"href":"https:\/\/lebensart-handanalytik.ch\/index.php?rest_route=%2Fwp%2Fv2%2Fcomments&post=68"}],"version-history":[{"count":39,"href":"https:\/\/lebensart-handanalytik.ch\/index.php?rest_route=\/wp\/v2\/pages\/68\/revisions"}],"predecessor-version":[{"id":1051,"href":"https:\/\/lebensart-handanalytik.ch\/index.php?rest_route=\/wp\/v2\/pages\/68\/revisions\/1051"}],"wp:attachment":[{"href":"https:\/\/lebensart-handanalytik.ch\/index.php?rest_route=%2Fwp%2Fv2%2Fmedia&parent=68"}],"curies":[{"name":"wp","href":"https:\/\/api.w.org\/{rel}","templated":true}]}}